{"id":6486,"date":"2021-12-24T10:36:27","date_gmt":"2021-12-24T10:36:27","guid":{"rendered":"https:\/\/ortodonciamadrid.net\/aviso-legal\/"},"modified":"2024-11-06T08:19:18","modified_gmt":"2024-11-06T08:19:18","slug":"privacy-policy","status":"publish","type":"page","link":"https:\/\/ortodonciamadrid.net\/en\/privacy-policy\/","title":{"rendered":"Privacy Policy"},"content":{"rendered":"\t\t<div data-elementor-type=\"wp-page\" data-elementor-id=\"6486\" class=\"elementor elementor-6486 elementor-2188\" data-elementor-post-type=\"page\">\n\t\t\t\t\t\t<section class=\"elementor-section elementor-top-section elementor-element elementor-element-2909f000 elementor-section-boxed elementor-section-height-default elementor-section-height-default elementor-invisible\" data-id=\"2909f000\" data-element_type=\"section\" data-settings=\"{&quot;background_background&quot;:&quot;classic&quot;,&quot;animation&quot;:&quot;fadeInDown&quot;,&quot;mdp_selection_sticky_effect_enable&quot;:false}\">\n\t\t\t\t\t\t\t<div class=\"elementor-background-overlay\"><\/div>\n\t\t\t\t\t\t\t<div class=\"elementor-container elementor-column-gap-default\">\n\t\t\t\t\t<div class=\"elementor-column elementor-col-100 elementor-top-column elementor-element elementor-element-5de20bb1\" data-id=\"5de20bb1\" data-element_type=\"column\" data-settings=\"{&quot;background_background&quot;:&quot;classic&quot;,&quot;mdp_selection_sticky_column_effect_enable&quot;:false}\">\n\t\t\t<div class=\"elementor-widget-wrap elementor-element-populated\">\n\t\t\t\t\t\t<section class=\"elementor-section elementor-inner-section elementor-element elementor-element-a7ab5de elementor-section-boxed elementor-section-height-default elementor-section-height-default\" data-id=\"a7ab5de\" data-element_type=\"section\" data-settings=\"{&quot;mdp_selection_sticky_effect_enable&quot;:false}\">\n\t\t\t\t\t\t<div class=\"elementor-container elementor-column-gap-default\">\n\t\t\t\t\t<div class=\"elementor-column elementor-col-100 elementor-inner-column elementor-element elementor-element-1640e87\" data-id=\"1640e87\" data-element_type=\"column\" data-settings=\"{&quot;mdp_selection_sticky_column_effect_enable&quot;:false}\">\n\t\t\t<div class=\"elementor-widget-wrap elementor-element-populated\">\n\t\t\t\t\t\t<div class=\"elementor-element elementor-element-47259ebe elementor-widget elementor-widget-elementskit-heading\" data-id=\"47259ebe\" data-element_type=\"widget\" data-widget_type=\"elementskit-heading.default\">\n\t\t\t\t<div class=\"elementor-widget-container\">\n\t\t\t\t\t<div class=\"ekit-wid-con\" ><div class=\"ekit-heading elementskit-section-title-wraper text_left   ekit_heading_tablet-   ekit_heading_mobile-\"><div class=\"ekit_heading_separetor_wraper ekit_heading_elementskit-border-divider elementskit-style-long\"><div class=\"elementskit-border-divider elementskit-style-long\"><\/div><\/div><h1 class=\"ekit-heading--title elementskit-section-title \">Privacy Policy<\/h1><\/div><\/div>\t\t\t\t<\/div>\n\t\t\t\t<\/div>\n\t\t\t\t\t<\/div>\n\t\t<\/div>\n\t\t\t\t\t<\/div>\n\t\t<\/section>\n\t\t\t\t\t<\/div>\n\t\t<\/div>\n\t\t\t\t\t<\/div>\n\t\t<\/section>\n\t\t\t\t<section class=\"elementor-section elementor-top-section elementor-element elementor-element-7298fe84 elementor-section-boxed elementor-section-height-default elementor-section-height-default\" data-id=\"7298fe84\" data-element_type=\"section\" data-settings=\"{&quot;mdp_selection_sticky_effect_enable&quot;:false}\">\n\t\t\t\t\t\t\t<div class=\"elementor-background-overlay\"><\/div>\n\t\t\t\t\t\t\t<div class=\"elementor-container elementor-column-gap-default\">\n\t\t\t\t\t<div class=\"elementor-column elementor-col-100 elementor-top-column elementor-element elementor-element-40fdefca\" data-id=\"40fdefca\" data-element_type=\"column\" data-settings=\"{&quot;animation&quot;:&quot;none&quot;,&quot;mdp_selection_sticky_column_effect_enable&quot;:false}\">\n\t\t\t<div class=\"elementor-widget-wrap elementor-element-populated\">\n\t\t\t\t\t\t<div class=\"elementor-element elementor-element-732a93b elementor-invisible elementor-widget elementor-widget-elementskit-heading\" data-id=\"732a93b\" data-element_type=\"widget\" data-settings=\"{&quot;_animation&quot;:&quot;fadeInLeft&quot;}\" data-widget_type=\"elementskit-heading.default\">\n\t\t\t\t<div class=\"elementor-widget-container\">\n\t\t\t\t\t<div class=\"ekit-wid-con\" ><div class=\"ekit-heading elementskit-section-title-wraper text_left   ekit_heading_tablet-   ekit_heading_mobile-\"><h2 class=\"ekit-heading--title elementskit-section-title \">Privacy Policy<\/h2>\t\t\t\t<div class='ekit-heading__description'>\n\t\t\t\t\t<h2>\u00a0<\/h2>\n<p><span style=\"font-weight: 400\">This Privacy Policy has been developed taking into account the provisions of the Organic Law on the Protection of Personal Data in force, as well as Regulation 2016\/679 of the European Parliament and of the Council of April 27, 2016 regarding the protection of natural persons with regard to the processing of personal data and the circulation of these data, hereinafter the GDPR.<\/span><\/p>\n<p><span style=\"font-weight: 400\">\u00a0<\/span><\/p>\n<p><span style=\"font-weight: 400\">The purpose of this Privacy Policy is to inform the holders of personal data, in respect of whom information is being collected, of the specific aspects relating to the processing of their data, including, among other things, the purposes of the processing, contact information for exercising their rights, information retention periods and security measures, among other things.<\/span><\/p>\n<p><span style=\"font-weight: 400\">\u00a0<\/span><\/p>\n<p><span style=\"font-weight: 400\">Data Controller<\/span><\/p>\n<p><span style=\"font-weight: 400\">Name: LINEA INVISIBLE, SL<\/span><\/p>\n<p><span style=\"font-weight: 400\">Address: C. de Sagasta, 11, 28004 Madrid<\/span><\/p>\n<p><span style=\"font-weight: 400\">Contact phone number: 911 454 896<\/span><\/p>\n<p><span style=\"font-weight: 400\">Email: lboccio@ortodoncis.com<\/span><\/p>\n<p><span style=\"font-weight: 400\">Data Protection Officer: Tecnodosis SL dpd@utpr.es<\/span><\/p>\n<p><span style=\"font-weight: 400\">\u00a0<\/span><\/p>\n<p><span style=\"font-weight: 400\">Data processing:<\/span><\/p>\n<p><span style=\"font-weight: 400\">The personal data requested, if applicable, will consist only of those strictly necessary to identify and respond to the request made by the owner of the same, hereinafter the interested party. Said information will be treated in a fair, lawful and transparent manner in relation to the interested party. Furthermore, personal data will be collected for specific, explicit and legitimate purposes, and will not be subsequently processed in a manner incompatible with said purposes.<\/span><\/p>\n<p><span style=\"font-weight: 400\">\u00a0<\/span><\/p>\n<p><span style=\"font-weight: 400\">The data collected from each interested party will be adequate, pertinent and not excessive in relation to the corresponding purposes for each case, and will be updated whenever necessary.<\/span><\/p>\n<p><span style=\"font-weight: 400\">\u00a0<\/span><\/p>\n<p><span style=\"font-weight: 400\">The data subject will be informed, prior to the collection of his\/her data, of the general details regulated in this policy so that he\/she can give express, precise and unequivocal consent for the processing of his\/her data, in accordance with the following aspects.<\/span><\/p>\n<p><span style=\"font-weight: 400\">\u00a0<\/span><\/p>\n<p><span style=\"font-weight: 400\">Purposes of the treatment.<\/span><\/p>\n<p><span style=\"font-weight: 400\">The explicit purposes for which each of the treatments are carried out are included in the information clauses incorporated in each of the data collection channels (web forms, newsletter, etc.).<\/span><\/p>\n<p><span style=\"font-weight: 400\">\u00a0<\/span><\/p>\n<p><span style=\"font-weight: 400\">However, the personal data of the interested party will be processed with the exclusive purpose of providing an effective response and responding to the requests made by the user, specified together with the option, service, form or data collection system that the owner uses.<\/span><\/p>\n<p><span style=\"font-weight: 400\">\u00a0<\/span><\/p>\n<p><span style=\"font-weight: 400\">Legitimation<\/span><\/p>\n<p><span style=\"font-weight: 400\">As a general rule, prior to processing personal data, LINEA INVISIBLE, SL obtains express and unequivocal consent from the owner of the same, by incorporating informed consent clauses in the different information collection systems.<\/span><\/p>\n<p><span style=\"font-weight: 400\">\u00a0<\/span><\/p>\n<p><span style=\"font-weight: 400\">However, in the event that the consent of the interested party is not required, the legitimate basis for the processing under which LINEA INVISIBLE, SL relies is the existence of a specific law or regulation that authorizes or requires the processing of the data of the interested party.<\/span><\/p>\n<p><span style=\"font-weight: 400\">\u00a0<\/span><\/p>\n<p><span style=\"font-weight: 400\">Recipients<\/span><\/p>\n<p><span style=\"font-weight: 400\">As a general rule, LINEA INVISIBLE, SL does not transfer or communicate data to third parties, except as required by law. However, if necessary, such transfers or communications of data are reported to the interested party through the informed consent clauses contained in the different ways of collecting personal data.<\/span><\/p>\n<p><span style=\"font-weight: 400\">\u00a0<\/span><\/p>\n<p><span style=\"font-weight: 400\">Origin<\/span><\/p>\n<p><span style=\"font-weight: 400\">As a general rule, personal data is always collected directly from the interested party, however, in certain exceptions, the data may be collected through third parties, entities or services other than the interested party. In this regard, this information will be transferred to the interested party through the informed consent clauses contained in the different information collection channels and within a reasonable period, once the data has been obtained, and no later than within one month.<\/span><\/p>\n<p><span style=\"font-weight: 400\">\u00a0<\/span><\/p>\n<p><span style=\"font-weight: 400\">Conservation periods<\/span><\/p>\n<p><span style=\"font-weight: 400\">The information collected from the interested party will be kept as long as necessary to fulfill the purpose for which the personal data was collected, so that, once the purpose has been fulfilled, the data will be cancelled. Such cancellation will result in the blocking of the data, which will be kept only at the disposal of the AAPP, Judges and Courts, to address possible liabilities arising from the processing, during the limitation period of these; once the aforementioned period has elapsed, the information will be destroyed.<\/span><\/p>\n<p><span style=\"font-weight: 400\">\u00a0<\/span><\/p>\n<p><span style=\"font-weight: 400\">Navigation data:<\/span><\/p>\n<p><span style=\"font-weight: 400\">In relation to the browsing data that may be processed through the website, in the event that data subject to the regulations are collected, it is recommended that you consult the Cookies Policy published on our website.<\/span><\/p>\n<p><span style=\"font-weight: 400\">\u00a0<\/span><\/p>\n<p><span style=\"font-weight: 400\">Rights of interested parties:<\/span><\/p>\n<p><span style=\"font-weight: 400\">The data protection regulations grant a series of rights to the interested parties or data owners, users of the website or users of the social media profiles of LINEA INVISIBLE, SL<\/span><\/p>\n<p><span style=\"font-weight: 400\">\u00a0<\/span><\/p>\n<p><span style=\"font-weight: 400\">These rights that assist interested persons are the following:<\/span><\/p>\n<p><span style=\"font-weight: 400\">\u00a0<\/span><\/p>\n<ul>\n<li><span style=\"font-weight: 400\">Right of access: right to obtain information about whether your own data is being processed, the purpose of the processing being carried out, the categories of data being processed, the recipients or categories of recipients, the retention period and the origin of said data.<\/span><\/li>\n<\/ul>\n<p><span style=\"font-weight: 400\">\u00a0<\/span><\/p>\n<ul>\n<li><span style=\"font-weight: 400\">Right to rectification: right to obtain rectification of inaccurate or incomplete personal data.<\/span><\/li>\n<\/ul>\n<p><span style=\"font-weight: 400\">\u00a0<\/span><\/p>\n<ul>\n<li><span style=\"font-weight: 400\">Right to erasure: right to obtain the erasure of personal data.<\/span><\/li>\n<\/ul>\n<p><span style=\"font-weight: 400\">\u00a0<\/span><\/p>\n<ul>\n<li><span style=\"font-weight: 400\">Right to object: right to object to certain processing based on the data subject's consent.<\/span><\/li>\n<\/ul>\n<p><span style=\"font-weight: 400\">\u00a0<\/span><\/p>\n<ul>\n<li><span style=\"font-weight: 400\">Right to restriction: right to obtain restriction of data processing.<\/span><\/li>\n<\/ul>\n<p><span style=\"font-weight: 400\">\u00a0<\/span><\/p>\n<ul>\n<li><span style=\"font-weight: 400\">Right to portability: the right to obtain data in a structured, commonly used and machine-readable format and to transmit it to another data controller in accordance with data protection regulations.<\/span><\/li>\n<\/ul>\n<p><span style=\"font-weight: 400\">\u00a0<\/span><\/p>\n<p><span style=\"font-weight: 400\">The interested party also has the right to lodge a complaint with the competent supervisory authority.<\/span><\/p>\n<p><span style=\"font-weight: 400\">\u00a0<\/span><\/p>\n<p><span style=\"font-weight: 400\">Interested parties may exercise the indicated rights by writing to lboccio@ortodoncis.com , sent to the following address: C. de Sagasta, 11, 28004 Madrid, indicating in the Subject line the right they wish to exercise and attaching a document proving their identity (e.g. ID).<\/span><\/p>\n<p><span style=\"font-weight: 400\">\u00a0<\/span><\/p>\n<p><span style=\"font-weight: 400\">In this regard, LINEA INVISIBLE, SL will respond to your request as soon as possible and taking into account the deadlines provided for in the regulations on data protection.<\/span><\/p>\n<p><span style=\"font-weight: 400\">\u00a0<\/span><\/p>\n<p><span style=\"font-weight: 400\">In Madrid, June 21, 2023.<\/span><\/p>\n\t\t\t\t<\/div>\n\t\t\t<\/div><\/div>\t\t\t\t<\/div>\n\t\t\t\t<\/div>\n\t\t\t\t\t<\/div>\n\t\t<\/div>\n\t\t\t\t\t<\/div>\n\t\t<\/section>\n\t\t\t\t<\/div>\n\t\t","protected":false},"excerpt":{"rendered":"<p>Privacy Policy Privacy Policy \u00a0 This Privacy Policy has been developed taking into account the provisions of the Organic Law on the Protection of Personal Data in force, as well as Regulation 2016\/679 of the European Parliament and of the Council of April 27, 2016 regarding the protection of natural persons with regard to the [&hellip;]<\/p>\n","protected":false},"author":1,"featured_media":0,"parent":0,"menu_order":1,"comment_status":"closed","ping_status":"closed","template":"elementor_header_footer","meta":{"_acf_changed":false,"footnotes":""},"class_list":["post-6486","page","type-page","status-publish","hentry"],"acf":[],"yoast_head":"<!-- This site is optimized with the Yoast SEO plugin v25.1 - https:\/\/yoast.com\/wordpress\/plugins\/seo\/ -->\n<title>Aviso Legal y Pol\u00edtica de Privacidad - Cl\u00ednica Dra. Leire Boccio<\/title>\n<meta name=\"description\" content=\"Aviso Legal y Pol\u00edtica de Privacidad - Cumplimiento con el deber de informaci\u00f3n recogido Cl\u00ednica Dra. Leire Boccio\" \/>\n<meta name=\"robots\" content=\"index, follow, max-snippet:-1, max-image-preview:large, max-video-preview:-1\" \/>\n<link rel=\"canonical\" href=\"https:\/\/ortodonciamadrid.net\/en\/privacy-policy\/\" \/>\n<meta property=\"og:locale\" content=\"en_US\" \/>\n<meta property=\"og:type\" content=\"article\" \/>\n<meta property=\"og:title\" content=\"Aviso Legal y Pol\u00edtica de Privacidad - Cl\u00ednica Dra. Leire Boccio\" \/>\n<meta property=\"og:description\" content=\"Aviso Legal y Pol\u00edtica de Privacidad - Cumplimiento con el deber de informaci\u00f3n recogido Cl\u00ednica Dra. Leire Boccio\" \/>\n<meta property=\"og:url\" content=\"https:\/\/ortodonciamadrid.net\/en\/privacy-policy\/\" \/>\n<meta property=\"og:site_name\" content=\"Dra. Leire Boccio\" \/>\n<meta property=\"article:modified_time\" content=\"2024-11-06T08:19:18+00:00\" \/>\n<meta name=\"twitter:card\" content=\"summary_large_image\" \/>\n<meta name=\"twitter:label1\" content=\"Est. reading time\" \/>\n\t<meta name=\"twitter:data1\" content=\"5 minutes\" \/>\n<script type=\"application\/ld+json\" class=\"yoast-schema-graph\">{\"@context\":\"https:\/\/schema.org\",\"@graph\":[{\"@type\":\"WebPage\",\"@id\":\"https:\/\/ortodonciamadrid.net\/en\/privacy-policy\/\",\"url\":\"https:\/\/ortodonciamadrid.net\/en\/privacy-policy\/\",\"name\":\"Aviso Legal y Pol\u00edtica de Privacidad - Cl\u00ednica Dra. Leire Boccio\",\"isPartOf\":{\"@id\":\"https:\/\/ortodonciamadrid.net\/en\/#website\"},\"datePublished\":\"2021-12-24T10:36:27+00:00\",\"dateModified\":\"2024-11-06T08:19:18+00:00\",\"description\":\"Aviso Legal y Pol\u00edtica de Privacidad - Cumplimiento con el deber de informaci\u00f3n recogido Cl\u00ednica Dra. Leire Boccio\",\"breadcrumb\":{\"@id\":\"https:\/\/ortodonciamadrid.net\/en\/privacy-policy\/#breadcrumb\"},\"inLanguage\":\"en-US\",\"potentialAction\":[{\"@type\":\"ReadAction\",\"target\":[\"https:\/\/ortodonciamadrid.net\/en\/privacy-policy\/\"]}]},{\"@type\":\"BreadcrumbList\",\"@id\":\"https:\/\/ortodonciamadrid.net\/en\/privacy-policy\/#breadcrumb\",\"itemListElement\":[{\"@type\":\"ListItem\",\"position\":1,\"name\":\"Portada\",\"item\":\"https:\/\/ortodonciamadrid.net\/en\/\"},{\"@type\":\"ListItem\",\"position\":2,\"name\":\"Privacy Policy\"}]},{\"@type\":\"WebSite\",\"@id\":\"https:\/\/ortodonciamadrid.net\/en\/#website\",\"url\":\"https:\/\/ortodonciamadrid.net\/en\/\",\"name\":\"Dra. Leire Boccio\",\"description\":\"Ortodoncia Invisible\",\"potentialAction\":[{\"@type\":\"SearchAction\",\"target\":{\"@type\":\"EntryPoint\",\"urlTemplate\":\"https:\/\/ortodonciamadrid.net\/en\/?s={search_term_string}\"},\"query-input\":{\"@type\":\"PropertyValueSpecification\",\"valueRequired\":true,\"valueName\":\"search_term_string\"}}],\"inLanguage\":\"en-US\"}]}<\/script>\n<!-- \/ Yoast SEO plugin. -->","yoast_head_json":{"title":"Aviso Legal y Pol\u00edtica de Privacidad - Cl\u00ednica Dra. Leire Boccio","description":"Aviso Legal y Pol\u00edtica de Privacidad - Cumplimiento con el deber de informaci\u00f3n recogido Cl\u00ednica Dra. Leire Boccio","robots":{"index":"index","follow":"follow","max-snippet":"max-snippet:-1","max-image-preview":"max-image-preview:large","max-video-preview":"max-video-preview:-1"},"canonical":"https:\/\/ortodonciamadrid.net\/en\/privacy-policy\/","og_locale":"en_US","og_type":"article","og_title":"Aviso Legal y Pol\u00edtica de Privacidad - Cl\u00ednica Dra. Leire Boccio","og_description":"Aviso Legal y Pol\u00edtica de Privacidad - Cumplimiento con el deber de informaci\u00f3n recogido Cl\u00ednica Dra. Leire Boccio","og_url":"https:\/\/ortodonciamadrid.net\/en\/privacy-policy\/","og_site_name":"Dra. Leire Boccio","article_modified_time":"2024-11-06T08:19:18+00:00","twitter_card":"summary_large_image","twitter_misc":{"Est. reading time":"5 minutes"},"schema":{"@context":"https:\/\/schema.org","@graph":[{"@type":"WebPage","@id":"https:\/\/ortodonciamadrid.net\/en\/privacy-policy\/","url":"https:\/\/ortodonciamadrid.net\/en\/privacy-policy\/","name":"Aviso Legal y Pol\u00edtica de Privacidad - Cl\u00ednica Dra. Leire Boccio","isPartOf":{"@id":"https:\/\/ortodonciamadrid.net\/en\/#website"},"datePublished":"2021-12-24T10:36:27+00:00","dateModified":"2024-11-06T08:19:18+00:00","description":"Aviso Legal y Pol\u00edtica de Privacidad - Cumplimiento con el deber de informaci\u00f3n recogido Cl\u00ednica Dra. Leire Boccio","breadcrumb":{"@id":"https:\/\/ortodonciamadrid.net\/en\/privacy-policy\/#breadcrumb"},"inLanguage":"en-US","potentialAction":[{"@type":"ReadAction","target":["https:\/\/ortodonciamadrid.net\/en\/privacy-policy\/"]}]},{"@type":"BreadcrumbList","@id":"https:\/\/ortodonciamadrid.net\/en\/privacy-policy\/#breadcrumb","itemListElement":[{"@type":"ListItem","position":1,"name":"Portada","item":"https:\/\/ortodonciamadrid.net\/en\/"},{"@type":"ListItem","position":2,"name":"Privacy Policy"}]},{"@type":"WebSite","@id":"https:\/\/ortodonciamadrid.net\/en\/#website","url":"https:\/\/ortodonciamadrid.net\/en\/","name":"Dra. Leire Boccio","description":"Ortodoncia Invisible","potentialAction":[{"@type":"SearchAction","target":{"@type":"EntryPoint","urlTemplate":"https:\/\/ortodonciamadrid.net\/en\/?s={search_term_string}"},"query-input":{"@type":"PropertyValueSpecification","valueRequired":true,"valueName":"search_term_string"}}],"inLanguage":"en-US"}]}},"_links":{"self":[{"href":"https:\/\/ortodonciamadrid.net\/en\/wp-json\/wp\/v2\/pages\/6486","targetHints":{"allow":["GET"]}}],"collection":[{"href":"https:\/\/ortodonciamadrid.net\/en\/wp-json\/wp\/v2\/pages"}],"about":[{"href":"https:\/\/ortodonciamadrid.net\/en\/wp-json\/wp\/v2\/types\/page"}],"author":[{"embeddable":true,"href":"https:\/\/ortodonciamadrid.net\/en\/wp-json\/wp\/v2\/users\/1"}],"replies":[{"embeddable":true,"href":"https:\/\/ortodonciamadrid.net\/en\/wp-json\/wp\/v2\/comments?post=6486"}],"version-history":[{"count":14,"href":"https:\/\/ortodonciamadrid.net\/en\/wp-json\/wp\/v2\/pages\/6486\/revisions"}],"predecessor-version":[{"id":6511,"href":"https:\/\/ortodonciamadrid.net\/en\/wp-json\/wp\/v2\/pages\/6486\/revisions\/6511"}],"wp:attachment":[{"href":"https:\/\/ortodonciamadrid.net\/en\/wp-json\/wp\/v2\/media?parent=6486"}],"curies":[{"name":"wp","href":"https:\/\/api.w.org\/{rel}","templated":true}]}}